{"id":794,"date":"2025-08-06T12:14:43","date_gmt":"2025-08-06T12:14:43","guid":{"rendered":"https:\/\/www.mgrobe-architektur.de\/?page_id=794"},"modified":"2025-11-07T16:43:05","modified_gmt":"2025-11-07T15:43:05","slug":"794-2","status":"publish","type":"page","link":"https:\/\/www.mgrobe-architektur.de\/","title":{"rendered":"Herzlich Willkommen!"},"content":{"rendered":"<div id=\"pl-794\"  class=\"panel-layout\" ><div id=\"pg-794-0\"  class=\"panel-grid panel-has-style\" ><div class=\"siteorigin-panels-stretch panel-row-style panel-row-style-for-794-0\" data-stretch-type=\"full-width-stretch\" ><div id=\"pgc-794-0-0\"  class=\"panel-grid-cell panel-grid-cell-empty\" ><\/div><div id=\"pgc-794-0-1\"  class=\"panel-grid-cell\" ><div id=\"panel-794-0-1-0\" class=\"so-panel widget widget_sow-editor panel-first-child panel-last-child\" data-index=\"0\" ><div class=\"panel-widget-style panel-widget-style-for-794-0-1-0\" ><div\n\t\t\t\n\t\t\tclass=\"so-widget-sow-editor so-widget-sow-editor-base\"\n\t\t\t\n\t\t>\n<div class=\"siteorigin-widget-tinymce textwidget\">\n\t<div class=\"row\">\n<div class=\"max\"><span class='mb-center maxbutton-5-center'><span class='maxbutton-5-container mb-container'><a class=\"maxbutton-5 maxbutton maxbutton-1\" title=\"Architektur\" href=\"\/?page_id=277\"><span class='mb-text'>Architektur<\/span><\/a><\/span><\/span><\/div>\n<div class=\"max\"><span class='mb-center maxbutton-2-center'><span class='maxbutton-2-container mb-container'><a class=\"maxbutton-2 maxbutton maxbutton-2\" title=\"Brandschutz\" href=\"https:\/\/www.mgrobe-architektur.de\/?page_id=755\"><span class='mb-text'>Brandschutz<\/span><\/a><\/span><\/span><\/div>\n<div class=\"max\"><span class='mb-center maxbutton-3-center'><span class='maxbutton-3-container mb-container'><a class=\"maxbutton-3 maxbutton maxbutton-3\" title=\"\u00dcber Uns\" href=\"https:\/\/www.mgrobe-architektur.de\/?page_id=753\"><span class='mb-text'>\u00dcber Uns<\/span><\/a><\/span><\/span><\/div>\n<div class=\"max\"><span class='mb-center maxbutton-4-center'><span class='maxbutton-4-container mb-container'><a class=\"maxbutton-4 maxbutton maxbutton-4\" title=\"Kontakt\" href=\"https:\/\/www.mgrobe-architektur.de\/?page_id=757\"><span class='mb-text'>Kontakt<\/span><\/a><\/span><\/span><\/div>\n<\/div>\n<\/div>\n<\/div><\/div><\/div><\/div><div id=\"pgc-794-0-2\"  class=\"panel-grid-cell panel-grid-cell-mobile-last\" ><div id=\"panel-794-0-2-0\" class=\"so-panel widget widget_sow-editor panel-first-child panel-last-child\" data-index=\"1\" ><div class=\"panel-widget-style panel-widget-style-for-794-0-2-0\" ><div\n\t\t\t\n\t\t\tclass=\"so-widget-sow-editor so-widget-sow-editor-base\"\n\t\t\t\n\t\t>\n<div class=\"siteorigin-widget-tinymce textwidget\">\n\t<p style=\"text-align: justify;\"><img loading=\"lazy\" decoding=\"async\" class=\"size-full wp-image-898 alignleft\" src=\"https:\/\/www.mgrobe-architektur.de\/wp-content\/uploads\/2025\/08\/Mg-Architektur-Regular-e1756298213383.png\" alt=\"Mg-Architektur\" width=\"1150\" height=\"250\" srcset=\"https:\/\/www.mgrobe-architektur.de\/wp-content\/uploads\/2025\/08\/Mg-Architektur-Regular-e1756298213383.png 1150w, https:\/\/www.mgrobe-architektur.de\/wp-content\/uploads\/2025\/08\/Mg-Architektur-Regular-e1756298213383-300x65.png 300w, https:\/\/www.mgrobe-architektur.de\/wp-content\/uploads\/2025\/08\/Mg-Architektur-Regular-e1756298213383-1024x223.png 1024w, https:\/\/www.mgrobe-architektur.de\/wp-content\/uploads\/2025\/08\/Mg-Architektur-Regular-e1756298213383-768x167.png 768w\" sizes=\"auto, (max-width: 1150px) 100vw, 1150px\" \/><\/p>\n<\/div>\n<\/div><\/div><\/div><\/div><div id=\"pgc-794-0-3\"  class=\"panel-grid-cell panel-grid-cell-empty\" ><\/div><\/div><\/div><div id=\"pg-794-1\"  class=\"panel-grid panel-has-style\" ><div class=\"siteorigin-panels-stretch panel-row-style panel-row-style-for-794-1\" data-stretch-type=\"full-width-stretch\" ><div id=\"pgc-794-1-0\"  class=\"panel-grid-cell\" ><div id=\"panel-794-1-0-0\" class=\"so-panel widget widget_sow-image panel-first-child\" data-index=\"2\" ><div\n\t\t\t\n\t\t\tclass=\"so-widget-sow-image so-widget-sow-image-default-113ccd71f3e6-794\"\n\t\t\t\n\t\t><h3 class=\"widget-title\">Willkommen !<\/h3>\n<div class=\"sow-image-container\">\n\t\t<img \n\tsrc=\"https:\/\/www.mgrobe-architektur.de\/wp-content\/uploads\/2025\/11\/WhatsApp-Bild-2025-08-01-um-16.38.50_9a5ae8e2-e1762529948903.jpg\" width=\"230\" height=\"230\" srcset=\"https:\/\/www.mgrobe-architektur.de\/wp-content\/uploads\/2025\/11\/WhatsApp-Bild-2025-08-01-um-16.38.50_9a5ae8e2-e1762529948903.jpg 230w, https:\/\/www.mgrobe-architektur.de\/wp-content\/uploads\/2025\/11\/WhatsApp-Bild-2025-08-01-um-16.38.50_9a5ae8e2-e1762529948903-150x150.jpg 150w, https:\/\/www.mgrobe-architektur.de\/wp-content\/uploads\/2025\/11\/WhatsApp-Bild-2025-08-01-um-16.38.50_9a5ae8e2-e1762529948903-216x216.jpg 216w\" sizes=\"(max-width: 230px) 100vw, 230px\" title=\"Willkommen !\" alt=\"Willkommen\" \t\tclass=\"so-widget-image\"\/>\n\t<\/div>\n\n<\/div><\/div><div id=\"panel-794-1-0-1\" class=\"so-panel widget widget_sow-editor panel-last-child\" data-index=\"3\" ><div class=\"panel-widget-style panel-widget-style-for-794-1-0-1\" ><div\n\t\t\t\n\t\t\tclass=\"so-widget-sow-editor so-widget-sow-editor-base\"\n\t\t\t\n\t\t>\n<div class=\"siteorigin-widget-tinymce textwidget\">\n\t<p style=\"text-align: center;\"><span style=\"font-size: 16pt;\">Herzlich willkommen bei MG-Architektur,<\/span><br \/>\n<span style=\"font-size: 16pt;\">Ihrem Partner f\u00fcr kreative und nachhaltige Architektur.<\/span><br \/>\n<span style=\"font-size: 16pt;\">Das Architekturb\u00fcro MG-Architektur wurde am 01.11.2024 gegr\u00fcndet und ist aus dem B\u00fcro Meier-Architektur hervorgegangen,<\/span><br \/>\n<span style=\"font-size: 16pt;\">dass bereits seit 1997 besteht.<\/span><br \/>\n<span style=\"font-size: 16pt;\">Unser Team besteht aus erfahrenen Architekten und Bauzeichnern mit einem umfangreichen Fachwissen.<\/span><\/p>\n<p style=\"text-align: center;\"><span style=\"font-size: 16pt;\">Gerne Beraten und Begleiten wir Sie bei der Planung und Umsetzung Ihrer Idee oder Ihres Projekts.<\/span><\/p>\n<p style=\"text-align: center;\">\n<\/p><p style=\"text-align: center;\">\n<\/p><\/div>\n<\/div><\/div><\/div><\/div><\/div><\/div><\/div>","protected":false},"excerpt":{"rendered":"<p>Herzlich willkommen bei MG-Architektur, Ihrem Partner f\u00fcr kreative und nachhaltige Architektur. Das Architekturb\u00fcro MG-Architektur wurde am 01.11.2024 gegr\u00fcndet und ist aus dem B\u00fcro Meier-Architektur hervorgegangen, dass bereits seit 1997 besteht. Unser Team besteht aus erfahrenen Architekten und Bauzeichnern mit einem umfangreichen Fachwissen. Gerne Beraten und Begleiten wir Sie bei der Planung und Umsetzung Ihrer Idee [&hellip;]<\/p>\n","protected":false},"author":2,"featured_media":0,"parent":0,"menu_order":0,"comment_status":"closed","ping_status":"closed","template":"","meta":{"footnotes":""},"class_list":["post-794","page","type-page","status-publish","hentry"],"yoast_head":"<!-- This site is optimized with the Yoast SEO plugin v26.7 - https:\/\/yoast.com\/wordpress\/plugins\/seo\/ -->\n<title>Herzlich Willkommen! - MG Architektur<\/title>\n<meta name=\"description\" content=\"Willkommen auf den Webseiten der Architektin Melanie Grobe\" \/>\n<meta name=\"robots\" content=\"index, follow, max-snippet:-1, max-image-preview:large, max-video-preview:-1\" \/>\n<link rel=\"canonical\" href=\"https:\/\/www.mgrobe-architektur.de\/\" \/>\n<meta property=\"og:locale\" content=\"de_DE\" \/>\n<meta property=\"og:type\" content=\"article\" \/>\n<meta property=\"og:title\" content=\"Herzlich Willkommen! - MG Architektur\" \/>\n<meta property=\"og:description\" content=\"Willkommen auf den Webseiten der Architektin Melanie Grobe\" \/>\n<meta property=\"og:url\" content=\"https:\/\/www.mgrobe-architektur.de\/\" \/>\n<meta property=\"og:site_name\" content=\"MG Architektur\" \/>\n<meta property=\"article:modified_time\" content=\"2025-11-07T15:43:05+00:00\" \/>\n<meta property=\"og:image\" content=\"https:\/\/www.mgrobe-architektur.de\/wp-content\/uploads\/2025\/08\/Mg-Architektur-Regular-e1756298213383.png\" \/>\n\t<meta property=\"og:image:width\" content=\"1150\" \/>\n\t<meta property=\"og:image:height\" content=\"250\" \/>\n\t<meta property=\"og:image:type\" content=\"image\/png\" \/>\n<meta name=\"twitter:card\" content=\"summary_large_image\" \/>\n<meta name=\"twitter:label1\" content=\"Gesch\u00e4tzte Lesezeit\" \/>\n\t<meta name=\"twitter:data1\" content=\"1\u00a0Minute\" \/>\n<script type=\"application\/ld+json\" class=\"yoast-schema-graph\">{\"@context\":\"https:\/\/schema.org\",\"@graph\":[{\"@type\":\"WebPage\",\"@id\":\"https:\/\/www.mgrobe-architektur.de\/\",\"url\":\"https:\/\/www.mgrobe-architektur.de\/\",\"name\":\"Herzlich Willkommen! - MG Architektur\",\"isPartOf\":{\"@id\":\"https:\/\/www.mgrobe-architektur.de\/#website\"},\"primaryImageOfPage\":{\"@id\":\"https:\/\/www.mgrobe-architektur.de\/#primaryimage\"},\"image\":{\"@id\":\"https:\/\/www.mgrobe-architektur.de\/#primaryimage\"},\"thumbnailUrl\":\"https:\/\/www.mgrobe-architektur.de\/wp-content\/uploads\/2025\/08\/Mg-Architektur-Regular-e1756298213383.png\",\"datePublished\":\"2025-08-06T12:14:43+00:00\",\"dateModified\":\"2025-11-07T15:43:05+00:00\",\"description\":\"Willkommen auf den Webseiten der Architektin Melanie Grobe\",\"breadcrumb\":{\"@id\":\"https:\/\/www.mgrobe-architektur.de\/#breadcrumb\"},\"inLanguage\":\"de\",\"potentialAction\":[{\"@type\":\"ReadAction\",\"target\":[\"https:\/\/www.mgrobe-architektur.de\/\"]}]},{\"@type\":\"ImageObject\",\"inLanguage\":\"de\",\"@id\":\"https:\/\/www.mgrobe-architektur.de\/#primaryimage\",\"url\":\"https:\/\/www.mgrobe-architektur.de\/wp-content\/uploads\/2025\/08\/Mg-Architektur-Regular-e1756298213383.png\",\"contentUrl\":\"https:\/\/www.mgrobe-architektur.de\/wp-content\/uploads\/2025\/08\/Mg-Architektur-Regular-e1756298213383.png\",\"width\":1150,\"height\":250,\"caption\":\"Mg-Architektur\"},{\"@type\":\"BreadcrumbList\",\"@id\":\"https:\/\/www.mgrobe-architektur.de\/#breadcrumb\",\"itemListElement\":[{\"@type\":\"ListItem\",\"position\":1,\"name\":\"Startseite\",\"item\":\"https:\/\/www.mgrobe-architektur.de\/\"},{\"@type\":\"ListItem\",\"position\":2,\"name\":\"Herzlich Willkommen!\"}]},{\"@type\":\"WebSite\",\"@id\":\"https:\/\/www.mgrobe-architektur.de\/#website\",\"url\":\"https:\/\/www.mgrobe-architektur.de\/\",\"name\":\"MG Architektur\",\"description\":\"Architekten &amp; Ingenieure\",\"potentialAction\":[{\"@type\":\"SearchAction\",\"target\":{\"@type\":\"EntryPoint\",\"urlTemplate\":\"https:\/\/www.mgrobe-architektur.de\/?s={search_term_string}\"},\"query-input\":{\"@type\":\"PropertyValueSpecification\",\"valueRequired\":true,\"valueName\":\"search_term_string\"}}],\"inLanguage\":\"de\"}]}<\/script>\n<!-- \/ Yoast SEO plugin. -->","yoast_head_json":{"title":"Herzlich Willkommen! - MG Architektur","description":"Willkommen auf den Webseiten der Architektin Melanie Grobe","robots":{"index":"index","follow":"follow","max-snippet":"max-snippet:-1","max-image-preview":"max-image-preview:large","max-video-preview":"max-video-preview:-1"},"canonical":"https:\/\/www.mgrobe-architektur.de\/","og_locale":"de_DE","og_type":"article","og_title":"Herzlich Willkommen! - MG Architektur","og_description":"Willkommen auf den Webseiten der Architektin Melanie Grobe","og_url":"https:\/\/www.mgrobe-architektur.de\/","og_site_name":"MG Architektur","article_modified_time":"2025-11-07T15:43:05+00:00","og_image":[{"width":1150,"height":250,"url":"https:\/\/www.mgrobe-architektur.de\/wp-content\/uploads\/2025\/08\/Mg-Architektur-Regular-e1756298213383.png","type":"image\/png"}],"twitter_card":"summary_large_image","twitter_misc":{"Gesch\u00e4tzte Lesezeit":"1\u00a0Minute"},"schema":{"@context":"https:\/\/schema.org","@graph":[{"@type":"WebPage","@id":"https:\/\/www.mgrobe-architektur.de\/","url":"https:\/\/www.mgrobe-architektur.de\/","name":"Herzlich Willkommen! - MG Architektur","isPartOf":{"@id":"https:\/\/www.mgrobe-architektur.de\/#website"},"primaryImageOfPage":{"@id":"https:\/\/www.mgrobe-architektur.de\/#primaryimage"},"image":{"@id":"https:\/\/www.mgrobe-architektur.de\/#primaryimage"},"thumbnailUrl":"https:\/\/www.mgrobe-architektur.de\/wp-content\/uploads\/2025\/08\/Mg-Architektur-Regular-e1756298213383.png","datePublished":"2025-08-06T12:14:43+00:00","dateModified":"2025-11-07T15:43:05+00:00","description":"Willkommen auf den Webseiten der Architektin Melanie Grobe","breadcrumb":{"@id":"https:\/\/www.mgrobe-architektur.de\/#breadcrumb"},"inLanguage":"de","potentialAction":[{"@type":"ReadAction","target":["https:\/\/www.mgrobe-architektur.de\/"]}]},{"@type":"ImageObject","inLanguage":"de","@id":"https:\/\/www.mgrobe-architektur.de\/#primaryimage","url":"https:\/\/www.mgrobe-architektur.de\/wp-content\/uploads\/2025\/08\/Mg-Architektur-Regular-e1756298213383.png","contentUrl":"https:\/\/www.mgrobe-architektur.de\/wp-content\/uploads\/2025\/08\/Mg-Architektur-Regular-e1756298213383.png","width":1150,"height":250,"caption":"Mg-Architektur"},{"@type":"BreadcrumbList","@id":"https:\/\/www.mgrobe-architektur.de\/#breadcrumb","itemListElement":[{"@type":"ListItem","position":1,"name":"Startseite","item":"https:\/\/www.mgrobe-architektur.de\/"},{"@type":"ListItem","position":2,"name":"Herzlich Willkommen!"}]},{"@type":"WebSite","@id":"https:\/\/www.mgrobe-architektur.de\/#website","url":"https:\/\/www.mgrobe-architektur.de\/","name":"MG Architektur","description":"Architekten &amp; Ingenieure","potentialAction":[{"@type":"SearchAction","target":{"@type":"EntryPoint","urlTemplate":"https:\/\/www.mgrobe-architektur.de\/?s={search_term_string}"},"query-input":{"@type":"PropertyValueSpecification","valueRequired":true,"valueName":"search_term_string"}}],"inLanguage":"de"}]}},"_links":{"self":[{"href":"https:\/\/www.mgrobe-architektur.de\/index.php?rest_route=\/wp\/v2\/pages\/794","targetHints":{"allow":["GET"]}}],"collection":[{"href":"https:\/\/www.mgrobe-architektur.de\/index.php?rest_route=\/wp\/v2\/pages"}],"about":[{"href":"https:\/\/www.mgrobe-architektur.de\/index.php?rest_route=\/wp\/v2\/types\/page"}],"author":[{"embeddable":true,"href":"https:\/\/www.mgrobe-architektur.de\/index.php?rest_route=\/wp\/v2\/users\/2"}],"replies":[{"embeddable":true,"href":"https:\/\/www.mgrobe-architektur.de\/index.php?rest_route=%2Fwp%2Fv2%2Fcomments&post=794"}],"version-history":[{"count":76,"href":"https:\/\/www.mgrobe-architektur.de\/index.php?rest_route=\/wp\/v2\/pages\/794\/revisions"}],"predecessor-version":[{"id":1489,"href":"https:\/\/www.mgrobe-architektur.de\/index.php?rest_route=\/wp\/v2\/pages\/794\/revisions\/1489"}],"wp:attachment":[{"href":"https:\/\/www.mgrobe-architektur.de\/index.php?rest_route=%2Fwp%2Fv2%2Fmedia&parent=794"}],"curies":[{"name":"wp","href":"https:\/\/api.w.org\/{rel}","templated":true}]}}